{"id":3,"date":"2021-07-27T23:08:17","date_gmt":"2021-07-27T23:08:17","guid":{"rendered":"https:\/\/simplix.io\/?page_id=3"},"modified":"2024-07-30T13:13:32","modified_gmt":"2024-07-30T20:13:32","slug":"privacy-policy","status":"publish","type":"page","link":"https:\/\/simplix.io\/es\/privacy-policy\/","title":{"rendered":"pol\u00edtica de privacidad"},"content":{"rendered":"<p><strong>1. Introducci\u00f3n<\/strong><\/p>\n\n\n\n<p>\u00a1Bienvenido a Simplix.io (\u201cCompa\u00f1\u00eda\u201d, \u201cnosotros\u201d, \u201cnuestro\u201d, \u201cnos\u201d)! Esta Pol\u00edtica de privacidad explica c\u00f3mo recopilamos, usamos, divulgamos y salvaguardamos su informaci\u00f3n cuando visita nuestro sitio web. <a href=\"https:\/\/simplix.io\/es\/\">simplix.io<\/a> (el \u201cSitio\u201d). Lea atentamente esta pol\u00edtica de privacidad. Si no est\u00e1 de acuerdo con los t\u00e9rminos de esta pol\u00edtica de privacidad, no acceda al sitio.<\/p>\n\n\n\n<p><strong>2. Informaci\u00f3n que recopilamos<\/strong><\/p>\n\n\n\n<p>Podemos recopilar informaci\u00f3n sobre usted de diversas maneras. La informaci\u00f3n que podemos recopilar en el Sitio incluye:<\/p>\n\n\n\n<ul class=\"wp-block-list\">\n<li><strong>Datos personales:<\/strong> Informaci\u00f3n de identificaci\u00f3n personal, como su nombre, direcci\u00f3n de env\u00edo, direcci\u00f3n de correo electr\u00f3nico y n\u00famero de tel\u00e9fono, e informaci\u00f3n demogr\u00e1fica, como su edad, sexo, ciudad de origen e intereses, que usted nos proporciona voluntariamente cuando se registra en el Sitio o cuando elige participar en diversas actividades relacionadas con el Sitio.<\/li>\n\n\n\n<li><strong>Datos derivados:<\/strong> Informaci\u00f3n que nuestros servidores recopilan autom\u00e1ticamente cuando usted accede al Sitio, como su direcci\u00f3n IP, su tipo de navegador, su sistema operativo, sus tiempos de acceso y las p\u00e1ginas que ha visto directamente antes y despu\u00e9s de acceder al Sitio.<\/li>\n<\/ul>\n\n\n\n<p><strong>3. Uso de su informaci\u00f3n<\/strong><\/p>\n\n\n\n<p>Disponer de informaci\u00f3n precisa sobre usted nos permite ofrecerle una experiencia fluida, eficiente y personalizada. En concreto, podemos utilizar la informaci\u00f3n recopilada sobre usted a trav\u00e9s del Sitio para:<\/p>\n\n\n\n<ul class=\"wp-block-list\">\n<li>Crea y administra tu cuenta.<\/li>\n\n\n\n<li>Enviarle un correo electr\u00f3nico con informaci\u00f3n sobre su cuenta o pedido.<\/li>\n\n\n\n<li>Cumplir y gestionar compras, pedidos, pagos y otras transacciones relacionadas con el Sitio.<\/li>\n\n\n\n<li>Generar un perfil personal sobre usted para que sus futuras visitas al Sitio sean m\u00e1s personalizadas.<\/li>\n\n\n\n<li>Aumentar la eficiencia y el funcionamiento del Sitio.<\/li>\n\n\n\n<li>Monitorear y analizar el uso y las tendencias para mejorar su experiencia con el Sitio.<\/li>\n\n\n\n<li>Realizar otras actividades comerciales seg\u00fan sea necesario.<\/li>\n<\/ul>\n\n\n\n<p><strong>4. Divulgaci\u00f3n de su informaci\u00f3n<\/strong><\/p>\n\n\n\n<p>Podemos compartir informaci\u00f3n que hayamos recopilado sobre usted en determinadas situaciones. Su informaci\u00f3n puede divulgarse de la siguiente manera:<\/p>\n\n\n\n<ul class=\"wp-block-list\">\n<li><strong>Por ley o para proteger derechos:<\/strong> Si creemos que la divulgaci\u00f3n de informaci\u00f3n sobre usted es necesaria para responder a un proceso legal, para investigar o remediar posibles violaciones de nuestras pol\u00edticas o para proteger los derechos, la propiedad y la seguridad de otros, podemos compartir su informaci\u00f3n seg\u00fan lo permita o requiera cualquier ley, norma o regulaci\u00f3n aplicable.<\/li>\n<\/ul>\n\n\n\n<p><strong>5. Seguridad de su informaci\u00f3n<\/strong><\/p>\n\n\n\n<p>Utilizamos medidas de seguridad administrativas, t\u00e9cnicas y f\u00edsicas para ayudar a proteger su informaci\u00f3n personal. Si bien hemos tomado medidas razonables para proteger la informaci\u00f3n personal que nos proporciona, tenga en cuenta que, a pesar de nuestros esfuerzos, ninguna medida de seguridad es perfecta o impenetrable, y ning\u00fan m\u00e9todo de transmisi\u00f3n de datos puede garantizarse contra cualquier interceptaci\u00f3n u otro tipo de uso indebido.<\/p>\n\n\n\n<p><strong>6. Pol\u00edtica para ni\u00f1os<\/strong><\/p>\n\n\n\n<p>No solicitamos informaci\u00f3n a ni\u00f1os menores de 13 a\u00f1os ni comercializamos con ellos de manera deliberada. Si descubrimos que hemos recopilado informaci\u00f3n personal de un ni\u00f1o menor de 13 a\u00f1os sin verificar el consentimiento de los padres, eliminaremos dicha informaci\u00f3n lo antes posible. Si cree que podr\u00edamos tener informaci\u00f3n de un ni\u00f1o menor de 13 a\u00f1os o sobre \u00e9l, comun\u00edquese con nosotros a <a>support@simplix.io<\/a>.<\/p>\n\n\n\n<p><strong>7. Cambios a esta Pol\u00edtica de Privacidad<\/strong><\/p>\n\n\n\n<p>Es posible que actualicemos esta Pol\u00edtica de privacidad de vez en cuando para reflejar, por ejemplo, cambios en nuestras pr\u00e1cticas o por otras razones operativas, legales o regulatorias.<\/p>\n\n\n\n<p><strong>8. Cont\u00e1ctenos<\/strong><\/p>\n\n\n\n<p>Si tiene preguntas o comentarios sobre esta Pol\u00edtica de privacidad, cont\u00e1ctenos a:<\/p>\n\n\n\n<p><strong>Tel\u00e9fono:<\/strong> +1 (201) 988-9661<\/p>\n\n\n\n<p><strong>Correo electr\u00f3nico:<\/strong> <a>support@simplix.io<\/a><\/p>","protected":false},"excerpt":{"rendered":"<p>1. Introduction Welcome to Simplix.io (&#8220;Company&#8221;, &#8220;we&#8221;, &#8220;our&#8221;, &#8220;us&#8221;)! This Privacy Policy explains how we collect, use, disclose, and safeguard your information when you visit our website simplix.io (the &#8220;Site&#8221;). Please read this privacy policy carefully. If you do not agree with the terms of this privacy policy, please do not access the site. 2. [&hellip;]<\/p>\n","protected":false},"author":1,"featured_media":0,"parent":0,"menu_order":0,"comment_status":"closed","ping_status":"closed","template":"","meta":{"_seopress_robots_primary_cat":"","_seopress_titles_title":"","_seopress_titles_desc":"","_seopress_robots_index":"","content-type":"","site-sidebar-layout":"default","site-content-layout":"","ast-site-content-layout":"default","site-content-style":"default","site-sidebar-style":"default","ast-global-header-display":"","ast-banner-title-visibility":"","ast-main-header-display":"","ast-hfb-above-header-display":"","ast-hfb-below-header-display":"","ast-hfb-mobile-header-display":"","site-post-title":"","ast-breadcrumbs-content":"","ast-featured-img":"","footer-sml-layout":"","ast-disable-related-posts":"","theme-transparent-header-meta":"","adv-header-id-meta":"","stick-header-meta":"","header-above-stick-meta":"","header-main-stick-meta":"","header-below-stick-meta":"","astra-migrate-meta-layouts":"set","ast-page-background-enabled":"default","ast-page-background-meta":{"desktop":{"background-color":"","background-image":"","background-repeat":"repeat","background-position":"center center","background-size":"auto","background-attachment":"scroll","background-type":"","background-media":"","overlay-type":"","overlay-color":"","overlay-opacity":"","overlay-gradient":""},"tablet":{"background-color":"","background-image":"","background-repeat":"repeat","background-position":"center center","background-size":"auto","background-attachment":"scroll","background-type":"","background-media":"","overlay-type":"","overlay-color":"","overlay-opacity":"","overlay-gradient":""},"mobile":{"background-color":"","background-image":"","background-repeat":"repeat","background-position":"center center","background-size":"auto","background-attachment":"scroll","background-type":"","background-media":"","overlay-type":"","overlay-color":"","overlay-opacity":"","overlay-gradient":""}},"ast-content-background-meta":{"desktop":{"background-color":"var(--ast-global-color-5)","background-image":"","background-repeat":"repeat","background-position":"center center","background-size":"auto","background-attachment":"scroll","background-type":"","background-media":"","overlay-type":"","overlay-color":"","overlay-opacity":"","overlay-gradient":""},"tablet":{"background-color":"var(--ast-global-color-5)","background-image":"","background-repeat":"repeat","background-position":"center center","background-size":"auto","background-attachment":"scroll","background-type":"","background-media":"","overlay-type":"","overlay-color":"","overlay-opacity":"","overlay-gradient":""},"mobile":{"background-color":"var(--ast-global-color-5)","background-image":"","background-repeat":"repeat","background-position":"center center","background-size":"auto","background-attachment":"scroll","background-type":"","background-media":"","overlay-type":"","overlay-color":"","overlay-opacity":"","overlay-gradient":""}},"footnotes":""},"class_list":["post-3","page","type-page","status-publish","hentry"],"_links":{"self":[{"href":"https:\/\/simplix.io\/es\/wp-json\/wp\/v2\/pages\/3","targetHints":{"allow":["GET"]}}],"collection":[{"href":"https:\/\/simplix.io\/es\/wp-json\/wp\/v2\/pages"}],"about":[{"href":"https:\/\/simplix.io\/es\/wp-json\/wp\/v2\/types\/page"}],"author":[{"embeddable":true,"href":"https:\/\/simplix.io\/es\/wp-json\/wp\/v2\/users\/1"}],"replies":[{"embeddable":true,"href":"https:\/\/simplix.io\/es\/wp-json\/wp\/v2\/comments?post=3"}],"version-history":[{"count":1,"href":"https:\/\/simplix.io\/es\/wp-json\/wp\/v2\/pages\/3\/revisions"}],"predecessor-version":[{"id":1535,"href":"https:\/\/simplix.io\/es\/wp-json\/wp\/v2\/pages\/3\/revisions\/1535"}],"wp:attachment":[{"href":"https:\/\/simplix.io\/es\/wp-json\/wp\/v2\/media?parent=3"}],"curies":[{"name":"wp","href":"https:\/\/api.w.org\/{rel}","templated":true}]}}