{"id":3,"date":"2021-07-27T23:08:17","date_gmt":"2021-07-27T23:08:17","guid":{"rendered":"https:\/\/simplix.io\/?page_id=3"},"modified":"2024-07-30T13:13:32","modified_gmt":"2024-07-30T20:13:32","slug":"privacy-policy","status":"publish","type":"page","link":"https:\/\/simplix.io\/pt\/privacy-policy\/","title":{"rendered":"pol\u00edtica de Privacidade"},"content":{"rendered":"<p><strong>1. Introdu\u00e7\u00e3o<\/strong><\/p>\n\n\n\n<p>Bem-vindo ao Simplix.io (\u201cEmpresa\u201d, \u201cn\u00f3s\u201d, \u201cnosso\u201d, \u201cnos\u201d)! Esta Pol\u00edtica de Privacidade explica como coletamos, usamos, divulgamos e protegemos suas informa\u00e7\u00f5es quando voc\u00ea visita nosso site <a href=\"https:\/\/simplix.io\/pt\/\">simplix.io<\/a> (o \u201cSite\u201d). Por favor, leia esta pol\u00edtica de privacidade cuidadosamente. Se voc\u00ea n\u00e3o concorda com os termos desta pol\u00edtica de privacidade, por favor, n\u00e3o acesse o site.<\/p>\n\n\n\n<p><strong>2. Informa\u00e7\u00f5es que coletamos<\/strong><\/p>\n\n\n\n<p>Podemos coletar informa\u00e7\u00f5es sobre voc\u00ea de v\u00e1rias maneiras. As informa\u00e7\u00f5es que podemos coletar no Site incluem:<\/p>\n\n\n\n<ul class=\"wp-block-list\">\n<li><strong>Dados pessoais:<\/strong> Informa\u00e7\u00f5es de identifica\u00e7\u00e3o pessoal, como seu nome, endere\u00e7o para entrega, endere\u00e7o de e-mail e n\u00famero de telefone, e informa\u00e7\u00f5es demogr\u00e1ficas, como idade, sexo, cidade natal e interesses, que voc\u00ea nos fornece voluntariamente quando se registra no Site ou quando opta por participar de v\u00e1rias atividades relacionadas ao Site.<\/li>\n\n\n\n<li><strong>Dados Derivados:<\/strong> Informa\u00e7\u00f5es que nossos servidores coletam automaticamente quando voc\u00ea acessa o Site, como seu endere\u00e7o IP, seu tipo de navegador, seu sistema operacional, seus hor\u00e1rios de acesso e as p\u00e1ginas que voc\u00ea visualizou diretamente antes e depois de acessar o Site.<\/li>\n<\/ul>\n\n\n\n<p><strong>3. Uso de suas informa\u00e7\u00f5es<\/strong><\/p>\n\n\n\n<p>Ter informa\u00e7\u00f5es precisas sobre voc\u00ea nos permite fornecer uma experi\u00eancia suave, eficiente e personalizada. Especificamente, podemos usar informa\u00e7\u00f5es coletadas sobre voc\u00ea por meio do Site para:<\/p>\n\n\n\n<ul class=\"wp-block-list\">\n<li>Crie e gerencie sua conta.<\/li>\n\n\n\n<li>Enviar um e-mail sobre sua conta ou pedido.<\/li>\n\n\n\n<li>Realizar e gerenciar compras, pedidos, pagamentos e outras transa\u00e7\u00f5es relacionadas ao Site.<\/li>\n\n\n\n<li>Gere um perfil pessoal sobre voc\u00ea para tornar futuras visitas ao Site mais personalizadas.<\/li>\n\n\n\n<li>Aumentar a efici\u00eancia e a opera\u00e7\u00e3o do Site.<\/li>\n\n\n\n<li>Monitore e analise o uso e as tend\u00eancias para melhorar sua experi\u00eancia com o Site.<\/li>\n\n\n\n<li>Executar outras atividades comerciais conforme necess\u00e1rio.<\/li>\n<\/ul>\n\n\n\n<p><strong>4. Divulga\u00e7\u00e3o de suas informa\u00e7\u00f5es<\/strong><\/p>\n\n\n\n<p>Podemos compartilhar informa\u00e7\u00f5es que coletamos sobre voc\u00ea em certas situa\u00e7\u00f5es. Suas informa\u00e7\u00f5es podem ser divulgadas da seguinte forma:<\/p>\n\n\n\n<ul class=\"wp-block-list\">\n<li><strong>Por lei ou para proteger direitos:<\/strong> Se acreditarmos que a divulga\u00e7\u00e3o de informa\u00e7\u00f5es sobre voc\u00ea \u00e9 necess\u00e1ria para responder a um processo legal, investigar ou remediar poss\u00edveis viola\u00e7\u00f5es de nossas pol\u00edticas ou para proteger os direitos, a propriedade e a seguran\u00e7a de terceiros, poderemos compartilhar suas informa\u00e7\u00f5es conforme permitido ou exigido por qualquer lei, regra ou regulamento aplic\u00e1vel.<\/li>\n<\/ul>\n\n\n\n<p><strong>5. Seguran\u00e7a das suas informa\u00e7\u00f5es<\/strong><\/p>\n\n\n\n<p>Usamos medidas de seguran\u00e7a administrativas, t\u00e9cnicas e f\u00edsicas para ajudar a proteger suas informa\u00e7\u00f5es pessoais. Embora tenhamos tomado medidas razo\u00e1veis para proteger as informa\u00e7\u00f5es pessoais que voc\u00ea nos fornece, esteja ciente de que, apesar de nossos esfor\u00e7os, nenhuma medida de seguran\u00e7a \u00e9 perfeita ou impenetr\u00e1vel, e nenhum m\u00e9todo de transmiss\u00e3o de dados pode ser garantido contra qualquer intercepta\u00e7\u00e3o ou outros tipos de uso indevido.<\/p>\n\n\n\n<p><strong>6. Pol\u00edtica para Crian\u00e7as<\/strong><\/p>\n\n\n\n<p>N\u00e3o solicitamos intencionalmente informa\u00e7\u00f5es ou fazemos marketing para crian\u00e7as menores de 13 anos. Se descobrirmos que coletamos informa\u00e7\u00f5es pessoais de uma crian\u00e7a menor de 13 anos sem a verifica\u00e7\u00e3o do consentimento dos pais, excluiremos essas informa\u00e7\u00f5es o mais r\u00e1pido poss\u00edvel. Se voc\u00ea acredita que podemos ter alguma informa\u00e7\u00e3o de ou sobre uma crian\u00e7a menor de 13 anos, entre em contato conosco em <a>support@simplix.io<\/a>.<\/p>\n\n\n\n<p><strong>7. Altera\u00e7\u00f5es a esta Pol\u00edtica de Privacidade<\/strong><\/p>\n\n\n\n<p>Podemos atualizar esta Pol\u00edtica de Privacidade periodicamente para refletir, por exemplo, mudan\u00e7as em nossas pr\u00e1ticas ou por outros motivos operacionais, legais ou regulat\u00f3rios.<\/p>\n\n\n\n<p><strong>8. Contate-nos<\/strong><\/p>\n\n\n\n<p>Se voc\u00ea tiver d\u00favidas ou coment\u00e1rios sobre esta Pol\u00edtica de Privacidade, entre em contato conosco em:<\/p>\n\n\n\n<p><strong>Telefone:<\/strong> +1 (201) 988-9661<\/p>\n\n\n\n<p><strong>E-mail:<\/strong> <a>support@simplix.io<\/a><\/p>","protected":false},"excerpt":{"rendered":"<p>1. Introduction Welcome to Simplix.io (&#8220;Company&#8221;, &#8220;we&#8221;, &#8220;our&#8221;, &#8220;us&#8221;)! This Privacy Policy explains how we collect, use, disclose, and safeguard your information when you visit our website simplix.io (the &#8220;Site&#8221;). Please read this privacy policy carefully. If you do not agree with the terms of this privacy policy, please do not access the site. 2. [&hellip;]<\/p>\n","protected":false},"author":1,"featured_media":0,"parent":0,"menu_order":0,"comment_status":"closed","ping_status":"closed","template":"","meta":{"_seopress_robots_primary_cat":"","_seopress_titles_title":"","_seopress_titles_desc":"","_seopress_robots_index":"","content-type":"","site-sidebar-layout":"default","site-content-layout":"","ast-site-content-layout":"default","site-content-style":"default","site-sidebar-style":"default","ast-global-header-display":"","ast-banner-title-visibility":"","ast-main-header-display":"","ast-hfb-above-header-display":"","ast-hfb-below-header-display":"","ast-hfb-mobile-header-display":"","site-post-title":"","ast-breadcrumbs-content":"","ast-featured-img":"","footer-sml-layout":"","ast-disable-related-posts":"","theme-transparent-header-meta":"","adv-header-id-meta":"","stick-header-meta":"","header-above-stick-meta":"","header-main-stick-meta":"","header-below-stick-meta":"","astra-migrate-meta-layouts":"set","ast-page-background-enabled":"default","ast-page-background-meta":{"desktop":{"background-color":"","background-image":"","background-repeat":"repeat","background-position":"center center","background-size":"auto","background-attachment":"scroll","background-type":"","background-media":"","overlay-type":"","overlay-color":"","overlay-opacity":"","overlay-gradient":""},"tablet":{"background-color":"","background-image":"","background-repeat":"repeat","background-position":"center center","background-size":"auto","background-attachment":"scroll","background-type":"","background-media":"","overlay-type":"","overlay-color":"","overlay-opacity":"","overlay-gradient":""},"mobile":{"background-color":"","background-image":"","background-repeat":"repeat","background-position":"center center","background-size":"auto","background-attachment":"scroll","background-type":"","background-media":"","overlay-type":"","overlay-color":"","overlay-opacity":"","overlay-gradient":""}},"ast-content-background-meta":{"desktop":{"background-color":"var(--ast-global-color-5)","background-image":"","background-repeat":"repeat","background-position":"center center","background-size":"auto","background-attachment":"scroll","background-type":"","background-media":"","overlay-type":"","overlay-color":"","overlay-opacity":"","overlay-gradient":""},"tablet":{"background-color":"var(--ast-global-color-5)","background-image":"","background-repeat":"repeat","background-position":"center center","background-size":"auto","background-attachment":"scroll","background-type":"","background-media":"","overlay-type":"","overlay-color":"","overlay-opacity":"","overlay-gradient":""},"mobile":{"background-color":"var(--ast-global-color-5)","background-image":"","background-repeat":"repeat","background-position":"center center","background-size":"auto","background-attachment":"scroll","background-type":"","background-media":"","overlay-type":"","overlay-color":"","overlay-opacity":"","overlay-gradient":""}},"footnotes":""},"class_list":["post-3","page","type-page","status-publish","hentry"],"_links":{"self":[{"href":"https:\/\/simplix.io\/pt\/wp-json\/wp\/v2\/pages\/3","targetHints":{"allow":["GET"]}}],"collection":[{"href":"https:\/\/simplix.io\/pt\/wp-json\/wp\/v2\/pages"}],"about":[{"href":"https:\/\/simplix.io\/pt\/wp-json\/wp\/v2\/types\/page"}],"author":[{"embeddable":true,"href":"https:\/\/simplix.io\/pt\/wp-json\/wp\/v2\/users\/1"}],"replies":[{"embeddable":true,"href":"https:\/\/simplix.io\/pt\/wp-json\/wp\/v2\/comments?post=3"}],"version-history":[{"count":1,"href":"https:\/\/simplix.io\/pt\/wp-json\/wp\/v2\/pages\/3\/revisions"}],"predecessor-version":[{"id":1535,"href":"https:\/\/simplix.io\/pt\/wp-json\/wp\/v2\/pages\/3\/revisions\/1535"}],"wp:attachment":[{"href":"https:\/\/simplix.io\/pt\/wp-json\/wp\/v2\/media?parent=3"}],"curies":[{"name":"wp","href":"https:\/\/api.w.org\/{rel}","templated":true}]}}