{"id":1319,"date":"2024-07-15T12:44:57","date_gmt":"2024-07-15T19:44:57","guid":{"rendered":"https:\/\/simplix.io\/?post_type=product&#038;p=1319"},"modified":"2024-09-28T16:08:06","modified_gmt":"2024-09-28T20:08:06","slug":"medium-business","status":"publish","type":"product","link":"https:\/\/simplix.io\/pt\/shop\/medium-business\/","title":{"rendered":"M\u00e9dia empresa"},"content":{"rendered":"<p>Simplix Medium Business Plan \u00e9 uma solu\u00e7\u00e3o personalizada de risco e conformidade de TI projetada para m\u00e9dias empresas. Por apenas $299 por m\u00eas, oferece um desconto de 50% na tarifa padr\u00e3o e inclui um teste de 21 dias sem compromisso. Este plano permite o gerenciamento de uma estrutura de conformidade por vez e inclui at\u00e9 cinco executivos, um gerente l\u00edder da estrutura e um auditor. Ele tamb\u00e9m fornece acesso ao nosso modelo de IA de linguagem natural, tornando mais f\u00e1cil para as pequenas empresas automatizar tarefas de conformidade, gerenciar riscos com efici\u00eancia e garantir que atendam a regulamenta\u00e7\u00f5es importantes, como CMMC<\/p>\n<div class=\"elementor-element elementor-element-94ccba0 elementor-widget elementor-widget-heading\" data-id=\"94ccba0\" data-element_type=\"widget\" data-widget_type=\"heading.default\">\n<div class=\"elementor-widget-container\">\n<h2 class=\"elementor-heading-title elementor-size-default\">Teste de 21 dias, cancele a qualquer momento<\/h2>\n<p>&nbsp;<\/p>\n<\/div>\n<\/div>\n<div class=\"elementor-element elementor-element-1300195 elementor-widget elementor-widget-text-editor\" data-id=\"1300195\" data-element_type=\"widget\" data-widget_type=\"text-editor.default\">\n<div class=\"elementor-widget-container\">\n<ul>\n<li>Gerencie at\u00e9 3 estruturas<\/li>\n<li>At\u00e9 20 usu\u00e1rios<\/li>\n<li>3 gerentes l\u00edderes de estrutura<\/li>\n<li>3 auditores<\/li>\n<li>Acesso ao modelo Natural Language AI<\/li>\n<li>Acesso \u00e0 API<\/li>\n<\/ul>\n<\/div>\n<\/div>","protected":false},"excerpt":{"rendered":"<p>Plataforma abrangente de gerenciamento de conformidade com estrutura de IA<\/p>","protected":false},"featured_media":1070,"template":"","meta":{"_seopress_robots_primary_cat":"none","_seopress_titles_title":"","_seopress_titles_desc":"","_seopress_robots_index":"","content-type":"","site-sidebar-layout":"default","site-content-layout":"","ast-site-content-layout":"default","site-content-style":"default","site-sidebar-style":"default","ast-global-header-display":"","ast-banner-title-visibility":"","ast-main-header-display":"","ast-hfb-above-header-display":"","ast-hfb-below-header-display":"","ast-hfb-mobile-header-display":"","site-post-title":"","ast-breadcrumbs-content":"","ast-featured-img":"","footer-sml-layout":"","ast-disable-related-posts":"","theme-transparent-header-meta":"default","adv-header-id-meta":"","stick-header-meta":"","header-above-stick-meta":"","header-main-stick-meta":"","header-below-stick-meta":"","astra-migrate-meta-layouts":"set","ast-page-background-enabled":"default","ast-page-background-meta":{"desktop":{"background-color":"","background-image":"","background-repeat":"repeat","background-position":"center center","background-size":"auto","background-attachment":"scroll","background-type":"","background-media":"","overlay-type":"","overlay-color":"","overlay-opacity":"","overlay-gradient":""},"tablet":{"background-color":"","background-image":"","background-repeat":"repeat","background-position":"center center","background-size":"auto","background-attachment":"scroll","background-type":"","background-media":"","overlay-type":"","overlay-color":"","overlay-opacity":"","overlay-gradient":""},"mobile":{"background-color":"","background-image":"","background-repeat":"repeat","background-position":"center center","background-size":"auto","background-attachment":"scroll","background-type":"","background-media":"","overlay-type":"","overlay-color":"","overlay-opacity":"","overlay-gradient":""}},"ast-content-background-meta":{"desktop":{"background-color":"var(--ast-global-color-5)","background-image":"","background-repeat":"repeat","background-position":"center center","background-size":"auto","background-attachment":"scroll","background-type":"","background-media":"","overlay-type":"","overlay-color":"","overlay-opacity":"","overlay-gradient":""},"tablet":{"background-color":"var(--ast-global-color-5)","background-image":"","background-repeat":"repeat","background-position":"center center","background-size":"auto","background-attachment":"scroll","background-type":"","background-media":"","overlay-type":"","overlay-color":"","overlay-opacity":"","overlay-gradient":""},"mobile":{"background-color":"var(--ast-global-color-5)","background-image":"","background-repeat":"repeat","background-position":"center center","background-size":"auto","background-attachment":"scroll","background-type":"","background-media":"","overlay-type":"","overlay-color":"","overlay-opacity":"","overlay-gradient":""}}},"product_brand":[],"product_cat":[28],"product_tag":[],"class_list":{"0":"post-1319","1":"product","2":"type-product","3":"status-publish","4":"has-post-thumbnail","6":"product_cat-subscriptions","7":"desktop-align-left","8":"tablet-align-left","9":"mobile-align-left","11":"first","12":"instock","13":"sale","14":"sold-individually","15":"shipping-taxable","16":"purchasable","17":"product-type-simple"},"_links":{"self":[{"href":"https:\/\/simplix.io\/pt\/wp-json\/wp\/v2\/product\/1319","targetHints":{"allow":["GET"]}}],"collection":[{"href":"https:\/\/simplix.io\/pt\/wp-json\/wp\/v2\/product"}],"about":[{"href":"https:\/\/simplix.io\/pt\/wp-json\/wp\/v2\/types\/product"}],"wp:featuredmedia":[{"embeddable":true,"href":"https:\/\/simplix.io\/pt\/wp-json\/wp\/v2\/media\/1070"}],"wp:attachment":[{"href":"https:\/\/simplix.io\/pt\/wp-json\/wp\/v2\/media?parent=1319"}],"wp:term":[{"taxonomy":"product_brand","embeddable":true,"href":"https:\/\/simplix.io\/pt\/wp-json\/wp\/v2\/product_brand?post=1319"},{"taxonomy":"product_cat","embeddable":true,"href":"https:\/\/simplix.io\/pt\/wp-json\/wp\/v2\/product_cat?post=1319"},{"taxonomy":"product_tag","embeddable":true,"href":"https:\/\/simplix.io\/pt\/wp-json\/wp\/v2\/product_tag?post=1319"}],"curies":[{"name":"wp","href":"https:\/\/api.w.org\/{rel}","templated":true}]}}